{"id":6989,"date":"2025-01-16T12:09:45","date_gmt":"2025-01-16T11:09:45","guid":{"rendered":"https:\/\/www.lalecciola.com\/so-erreichen-sie-uns\/"},"modified":"2026-03-02T08:20:19","modified_gmt":"2026-03-02T07:20:19","slug":"comment-nous-joindre","status":"publish","type":"page","link":"https:\/\/www.lalecciola.com\/fr\/comment-nous-joindre\/","title":{"rendered":"Comment nous joindre"},"content":{"rendered":"\t\t<div data-elementor-type=\"wp-page\" data-elementor-id=\"6989\" class=\"elementor elementor-6989 elementor-5822\">\n\t\t\t\t<div class=\"elementor-element elementor-element-f2a0789 e-flex e-con-boxed e-con e-parent\" data-id=\"f2a0789\" data-element_type=\"container\" data-e-type=\"container\">\n\t\t\t\t\t<div class=\"e-con-inner\">\n\t\t<div class=\"elementor-element elementor-element-4a425e5 e-con-full e-flex e-con e-child\" data-id=\"4a425e5\" data-element_type=\"container\" data-e-type=\"container\">\n\t\t\t\t<div class=\"elementor-element elementor-element-9ffcd59 subtitle-position-above elementor-align-left elementor-widget-mobile__width-inherit elementor-tablet-align-center elementor-invisible elementor-widget elementor-widget-agrile-heading\" data-id=\"9ffcd59\" data-element_type=\"widget\" data-e-type=\"widget\" data-settings=\"{&quot;_animation&quot;:&quot;opal-move-up&quot;}\" data-widget_type=\"agrile-heading.default\">\n\t\t\t\t<div class=\"elementor-widget-container\">\n\t\t\t\t\t<div class=\"elementor-heading-wrapper-inner\"><h2 class=\"elementor-heading-title elementor-size-default\">Comment nous joindre<\/h2><div class=\"elementor-sub-title\"><span>                <span class=\"elementor-button-icon agrile-subtitle-icon-left\">\n                    <i aria-hidden=\"true\" class=\"agrile-icon- agrile-icon-leaves\"><\/i>                <\/span>\n                Agriturismo La Lecciola<\/span><\/div><\/div>\t\t\t\t<\/div>\n\t\t\t\t<\/div>\n\t\t\t\t<div class=\"elementor-element elementor-element-8164965 elementor-widget__width-initial elementor-widget elementor-widget-text-editor\" data-id=\"8164965\" data-element_type=\"widget\" data-e-type=\"widget\" data-widget_type=\"text-editor.default\">\n\t\t\t\t<div class=\"elementor-widget-container\">\n\t\t\t\t\t\t\t\t\t<p>Les ferries pur l&rsquo;\u00cele d&rsquo;Elbe partent du Port de Piombino Marittima. Les ports les plus proches sont ceux de Rio Marina (2 km), Cavo (6 km), Portoferraio (21 km).<\/p>\n<p>Nous adh\u00e9rons au programme de r\u00e9duction de 10% sur le prix du ferry. Nous vous fournirons le code achat \u00e0 la confirmation de la r\u00e9servation.<\/p>\n<p>Pour arriver \u00e0 l&rsquo;Agriturismo, il faut parcourir un chemin de terre de 500 m\u00e8tres.<\/p>\n<p>Dans le cas vous n&rsquo;avez pas d&rsquo;automobile, nous assurons un service de navette avec le Port de Rio Marina \u00e0 votre arriv\u00e9e et \u00e0 votre d\u00e9part.<br>\nL&rsquo;arr\u00eat du bus se trouve a 500 m de l&rsquo;Agriturismo.<\/p>\t\t\t\t\t\t\t\t<\/div>\n\t\t\t\t<\/div>\n\t\t\t\t<div class=\"elementor-element elementor-element-d0bda76 elementor-widget elementor-widget-spacer\" data-id=\"d0bda76\" data-element_type=\"widget\" data-e-type=\"widget\" data-widget_type=\"spacer.default\">\n\t\t\t\t<div class=\"elementor-widget-container\">\n\t\t\t\t\t\t\t<div class=\"elementor-spacer\">\n\t\t\t<div class=\"elementor-spacer-inner\"><\/div>\n\t\t<\/div>\n\t\t\t\t\t\t<\/div>\n\t\t\t\t<\/div>\n\t\t\t\t<div class=\"elementor-element elementor-element-8631308 elementor-widget elementor-widget-html\" data-id=\"8631308\" data-element_type=\"widget\" data-e-type=\"widget\" data-widget_type=\"html.default\">\n\t\t\t\t<div class=\"elementor-widget-container\">\n\t\t\t\t\t<div style=\"margin-left: auto; margin-right: auto; max-width: 1290px\">\r\n\t<iframe id=\"tlines\" src=\"https:\/\/www.misterferry.fr\/fr\/ile-d-elbe-ferries.aspx?UAID=588576&bkcolor=FFFFFF&txtcolor=0E618A&bkbtncolor=FC2626&txtbtncolor=FFFFFF&bktitolo=3399CC&txttitolo=FFFFFF&language=fr&iframe_booking=true&v2=true\" style=\"border:0px; width: 100%;\" class=\"tlines_frame\" scrolling=\"no\"><\/iframe>\r\n\t<p style=\"font-size:11px; margin: auto; font-family:Verdana;width: 100%;color:#666;margin-bottom: 12px;text-align: center;\">Service op\u00e9r\u00e9 par <a href=\"https:\/\/www.misterferry.fr\/fr\/ile-d-elbe-ferries.aspx?UAID=588576&bkcolor=FFFFFF&txtcolor=0E618A&bkbtncolor=FC2626&txtbtncolor=FFFFFF&bktitolo=3399CC&txttitolo=FFFFFF\" target=\"_blank\" style=\"color:#666;text-decoration:none\">Misterferry.fr<\/a><\/p>\r\n\t<script type=\"text\/javascript\" src=\"https:\/\/www.misterferry.fr\/Ajax\/tlines_resp_v2.js\"><\/script>\r\n<\/div>\t\t\t\t<\/div>\n\t\t\t\t<\/div>\n\t\t\t\t<\/div>\n\t\t\t\t\t<\/div>\n\t\t\t\t<\/div>\n\t\t<div class=\"elementor-element elementor-element-44247914 elementor-hidden-desktop elementor-hidden-laptop elementor-hidden-tablet_extra elementor-hidden-tablet elementor-hidden-mobile_extra elementor-hidden-mobile e-flex e-con-boxed e-con e-parent\" data-id=\"44247914\" data-element_type=\"container\" data-e-type=\"container\">\n\t\t\t\t\t<div class=\"e-con-inner\">\n\t\t<div class=\"elementor-element elementor-element-2bfd5d9d e-con-full e-flex e-con e-child\" data-id=\"2bfd5d9d\" data-element_type=\"container\" data-e-type=\"container\">\n\t\t\t\t<div class=\"elementor-element elementor-element-1c700906 elementor-position-inline-start elementor-mobile_extra-position-block-start elementor-view-default elementor-mobile-position-block-start elementor-widget elementor-widget-icon-box\" data-id=\"1c700906\" data-element_type=\"widget\" data-e-type=\"widget\" data-widget_type=\"icon-box.default\">\n\t\t\t\t<div class=\"elementor-widget-container\">\n\t\t\t\t\t    \t\t<div class=\"elementor-icon-box-wrapper\">\n    \t\t\t    \t\t\t<div class=\"elementor-icon-box-icon\">\n                        \t\t\t\t<a class=\"elementor-icon elementor-animation-\" href=\"https:\/\/maps.app.goo.gl\/BiueysLZt3jBEsLY9\" target=\"_blank\" rel=\"nofollow\">\n    \t\t\t\t<i aria-hidden=\"true\" class=\"agrile-icon- agrile-icon-map-location\"><\/i>    \t\t\t\t<\/a>\n\n    \t\t\t<\/div>\n    \t\t\t    \t\t\t<div class=\"elementor-icon-box-content\">\n    \t\t\t\t<h3 class=\"elementor-icon-box-title\">\n    \t\t\t\t\t<a href=\"https:\/\/maps.app.goo.gl\/BiueysLZt3jBEsLY9\" target=\"_blank\" rel=\"nofollow\" >\n    \t\t\t\t\t\tIndirizzo    \t\t\t\t\t<\/a>\n    \t\t\t\t<\/h3>\n    \t\t\t\t    \t\t\t\t\t<p class=\"elementor-icon-box-description\">\n    \t\t\t\t\t\tLoc. La Lecciola 2, 57039, Rio (LI)    \t\t\t\t\t<\/p>\n    \t\t\t\t\n                    <!--  Show button link-->\n                        \t\t\t<\/div>\n\n    \t\t   <\/div>\n    \t\t\t\t\t\t<\/div>\n\t\t\t\t<\/div>\n\t\t\t\t<\/div>\n\t\t\t\t\t<\/div>\n\t\t\t\t<\/div>\n\t\t\t\t<\/div>\n\t\t","protected":false},"excerpt":{"rendered":"<p>Comment nous joindre Agriturismo La Lecciola Les ferries pur l&rsquo;\u00cele d&rsquo;Elbe partent du Port de Piombino Marittima. Les ports les plus proches sont ceux de Rio Marina (2 km), Cavo (6 km), Portoferraio (21 km). Nous adh\u00e9rons au programme de r\u00e9duction de 10% sur le prix du ferry. Nous vous fournirons le code achat \u00e0 [&hellip;]<\/p>\n","protected":false},"author":1,"featured_media":0,"parent":0,"menu_order":6,"comment_status":"closed","ping_status":"closed","template":"","meta":{"footnotes":""},"class_list":["post-6989","page","type-page","status-publish","hentry"],"yoast_head":"<!-- This site is optimized with the Yoast SEO plugin v27.0 - https:\/\/yoast.com\/product\/yoast-seo-wordpress\/ -->\n<title>Comment nous joindre - La Lecciola G\u00eete Rural - \u00cele d&#039;Elbe<\/title>\n<meta name=\"description\" content=\"Nous adh\u00e9rons au programme de r\u00e9duction de 20% sur le prix du ferry. Nous vous fournirons le code achat \u00e0 la confirmation de la r\u00e9servation.\" \/>\n<meta name=\"robots\" content=\"index, follow, max-snippet:-1, max-image-preview:large, max-video-preview:-1\" \/>\n<link rel=\"canonical\" href=\"https:\/\/www.lalecciola.com\/fr\/comment-nous-joindre\/\" \/>\n<meta property=\"og:locale\" content=\"fr_FR\" \/>\n<meta property=\"og:type\" content=\"article\" \/>\n<meta property=\"og:title\" content=\"Comment nous joindre - La Lecciola G\u00eete Rural - \u00cele d&#039;Elbe\" \/>\n<meta property=\"og:description\" content=\"Nous adh\u00e9rons au programme de r\u00e9duction de 20% sur le prix du ferry. Nous vous fournirons le code achat \u00e0 la confirmation de la r\u00e9servation.\" \/>\n<meta property=\"og:url\" content=\"https:\/\/www.lalecciola.com\/fr\/comment-nous-joindre\/\" \/>\n<meta property=\"og:site_name\" content=\"La Lecciola G\u00eete Rural\" \/>\n<meta property=\"article:modified_time\" content=\"2026-03-02T07:20:19+00:00\" \/>\n<meta property=\"og:image\" content=\"https:\/\/www.lalecciola.com\/wp-content\/uploads\/cropped-favicon.png\" \/>\n\t<meta property=\"og:image:width\" content=\"512\" \/>\n\t<meta property=\"og:image:height\" content=\"512\" \/>\n\t<meta property=\"og:image:type\" content=\"image\/png\" \/>\n<meta name=\"twitter:card\" content=\"summary_large_image\" \/>\n<meta name=\"twitter:label1\" content=\"Dur\u00e9e de lecture estim\u00e9e\" \/>\n\t<meta name=\"twitter:data1\" content=\"1 minute\" \/>\n<script type=\"application\/ld+json\" class=\"yoast-schema-graph\">{\"@context\":\"https:\/\/schema.org\",\"@graph\":[{\"@type\":\"WebPage\",\"@id\":\"https:\/\/www.lalecciola.com\/fr\/comment-nous-joindre\/\",\"url\":\"https:\/\/www.lalecciola.com\/fr\/comment-nous-joindre\/\",\"name\":\"Comment nous joindre - La Lecciola G\u00eete Rural - \u00cele d'Elbe\",\"isPartOf\":{\"@id\":\"https:\/\/www.lalecciola.com\/fr\/#website\"},\"datePublished\":\"2025-01-16T11:09:45+00:00\",\"dateModified\":\"2026-03-02T07:20:19+00:00\",\"description\":\"Nous adh\u00e9rons au programme de r\u00e9duction de 20% sur le prix du ferry. Nous vous fournirons le code achat \u00e0 la confirmation de la r\u00e9servation.\",\"breadcrumb\":{\"@id\":\"https:\/\/www.lalecciola.com\/fr\/comment-nous-joindre\/#breadcrumb\"},\"inLanguage\":\"fr-FR\",\"potentialAction\":[{\"@type\":\"ReadAction\",\"target\":[\"https:\/\/www.lalecciola.com\/fr\/comment-nous-joindre\/\"]}]},{\"@type\":\"BreadcrumbList\",\"@id\":\"https:\/\/www.lalecciola.com\/fr\/comment-nous-joindre\/#breadcrumb\",\"itemListElement\":[{\"@type\":\"ListItem\",\"position\":1,\"name\":\"Home\",\"item\":\"https:\/\/www.lalecciola.com\/fr\/\"},{\"@type\":\"ListItem\",\"position\":2,\"name\":\"Comment nous joindre\"}]},{\"@type\":\"WebSite\",\"@id\":\"https:\/\/www.lalecciola.com\/fr\/#website\",\"url\":\"https:\/\/www.lalecciola.com\/fr\/\",\"name\":\"Agriturismo La Lecciola\",\"description\":\"\u00cele d'Elbe\",\"publisher\":{\"@id\":\"https:\/\/www.lalecciola.com\/fr\/#organization\"},\"potentialAction\":[{\"@type\":\"SearchAction\",\"target\":{\"@type\":\"EntryPoint\",\"urlTemplate\":\"https:\/\/www.lalecciola.com\/fr\/?s={search_term_string}\"},\"query-input\":{\"@type\":\"PropertyValueSpecification\",\"valueRequired\":true,\"valueName\":\"search_term_string\"}}],\"inLanguage\":\"fr-FR\"},{\"@type\":\"Organization\",\"@id\":\"https:\/\/www.lalecciola.com\/fr\/#organization\",\"name\":\"Agriturismo La Lecciola\",\"url\":\"https:\/\/www.lalecciola.com\/fr\/\",\"logo\":{\"@type\":\"ImageObject\",\"inLanguage\":\"fr-FR\",\"@id\":\"https:\/\/www.lalecciola.com\/fr\/#\/schema\/logo\/image\/\",\"url\":\"https:\/\/www.lalecciola.com\/wp-content\/uploads\/la_lecciola_logo_w_400.png\",\"contentUrl\":\"https:\/\/www.lalecciola.com\/wp-content\/uploads\/la_lecciola_logo_w_400.png\",\"width\":400,\"height\":86,\"caption\":\"Agriturismo La Lecciola\"},\"image\":{\"@id\":\"https:\/\/www.lalecciola.com\/fr\/#\/schema\/logo\/image\/\"}}]}<\/script>\n<!-- \/ Yoast SEO plugin. -->","yoast_head_json":{"title":"Comment nous joindre - La Lecciola G\u00eete Rural - \u00cele d'Elbe","description":"Nous adh\u00e9rons au programme de r\u00e9duction de 20% sur le prix du ferry. Nous vous fournirons le code achat \u00e0 la confirmation de la r\u00e9servation.","robots":{"index":"index","follow":"follow","max-snippet":"max-snippet:-1","max-image-preview":"max-image-preview:large","max-video-preview":"max-video-preview:-1"},"canonical":"https:\/\/www.lalecciola.com\/fr\/comment-nous-joindre\/","og_locale":"fr_FR","og_type":"article","og_title":"Comment nous joindre - La Lecciola G\u00eete Rural - \u00cele d'Elbe","og_description":"Nous adh\u00e9rons au programme de r\u00e9duction de 20% sur le prix du ferry. Nous vous fournirons le code achat \u00e0 la confirmation de la r\u00e9servation.","og_url":"https:\/\/www.lalecciola.com\/fr\/comment-nous-joindre\/","og_site_name":"La Lecciola G\u00eete Rural","article_modified_time":"2026-03-02T07:20:19+00:00","og_image":[{"width":512,"height":512,"url":"https:\/\/www.lalecciola.com\/wp-content\/uploads\/cropped-favicon.png","type":"image\/png"}],"twitter_card":"summary_large_image","twitter_misc":{"Dur\u00e9e de lecture estim\u00e9e":"1 minute"},"schema":{"@context":"https:\/\/schema.org","@graph":[{"@type":"WebPage","@id":"https:\/\/www.lalecciola.com\/fr\/comment-nous-joindre\/","url":"https:\/\/www.lalecciola.com\/fr\/comment-nous-joindre\/","name":"Comment nous joindre - La Lecciola G\u00eete Rural - \u00cele d'Elbe","isPartOf":{"@id":"https:\/\/www.lalecciola.com\/fr\/#website"},"datePublished":"2025-01-16T11:09:45+00:00","dateModified":"2026-03-02T07:20:19+00:00","description":"Nous adh\u00e9rons au programme de r\u00e9duction de 20% sur le prix du ferry. Nous vous fournirons le code achat \u00e0 la confirmation de la r\u00e9servation.","breadcrumb":{"@id":"https:\/\/www.lalecciola.com\/fr\/comment-nous-joindre\/#breadcrumb"},"inLanguage":"fr-FR","potentialAction":[{"@type":"ReadAction","target":["https:\/\/www.lalecciola.com\/fr\/comment-nous-joindre\/"]}]},{"@type":"BreadcrumbList","@id":"https:\/\/www.lalecciola.com\/fr\/comment-nous-joindre\/#breadcrumb","itemListElement":[{"@type":"ListItem","position":1,"name":"Home","item":"https:\/\/www.lalecciola.com\/fr\/"},{"@type":"ListItem","position":2,"name":"Comment nous joindre"}]},{"@type":"WebSite","@id":"https:\/\/www.lalecciola.com\/fr\/#website","url":"https:\/\/www.lalecciola.com\/fr\/","name":"Agriturismo La Lecciola","description":"\u00cele d'Elbe","publisher":{"@id":"https:\/\/www.lalecciola.com\/fr\/#organization"},"potentialAction":[{"@type":"SearchAction","target":{"@type":"EntryPoint","urlTemplate":"https:\/\/www.lalecciola.com\/fr\/?s={search_term_string}"},"query-input":{"@type":"PropertyValueSpecification","valueRequired":true,"valueName":"search_term_string"}}],"inLanguage":"fr-FR"},{"@type":"Organization","@id":"https:\/\/www.lalecciola.com\/fr\/#organization","name":"Agriturismo La Lecciola","url":"https:\/\/www.lalecciola.com\/fr\/","logo":{"@type":"ImageObject","inLanguage":"fr-FR","@id":"https:\/\/www.lalecciola.com\/fr\/#\/schema\/logo\/image\/","url":"https:\/\/www.lalecciola.com\/wp-content\/uploads\/la_lecciola_logo_w_400.png","contentUrl":"https:\/\/www.lalecciola.com\/wp-content\/uploads\/la_lecciola_logo_w_400.png","width":400,"height":86,"caption":"Agriturismo La Lecciola"},"image":{"@id":"https:\/\/www.lalecciola.com\/fr\/#\/schema\/logo\/image\/"}}]}},"_links":{"self":[{"href":"https:\/\/www.lalecciola.com\/fr\/wp-json\/wp\/v2\/pages\/6989","targetHints":{"allow":["GET"]}}],"collection":[{"href":"https:\/\/www.lalecciola.com\/fr\/wp-json\/wp\/v2\/pages"}],"about":[{"href":"https:\/\/www.lalecciola.com\/fr\/wp-json\/wp\/v2\/types\/page"}],"author":[{"embeddable":true,"href":"https:\/\/www.lalecciola.com\/fr\/wp-json\/wp\/v2\/users\/1"}],"replies":[{"embeddable":true,"href":"https:\/\/www.lalecciola.com\/fr\/wp-json\/wp\/v2\/comments?post=6989"}],"version-history":[{"count":7,"href":"https:\/\/www.lalecciola.com\/fr\/wp-json\/wp\/v2\/pages\/6989\/revisions"}],"predecessor-version":[{"id":7044,"href":"https:\/\/www.lalecciola.com\/fr\/wp-json\/wp\/v2\/pages\/6989\/revisions\/7044"}],"wp:attachment":[{"href":"https:\/\/www.lalecciola.com\/fr\/wp-json\/wp\/v2\/media?parent=6989"}],"curies":[{"name":"wp","href":"https:\/\/api.w.org\/{rel}","templated":true}]}}