{"id":6980,"date":"2025-01-16T12:09:45","date_gmt":"2025-01-16T11:09:45","guid":{"rendered":"https:\/\/www.lalecciola.com\/come-raggiungerci\/"},"modified":"2026-03-02T08:19:52","modified_gmt":"2026-03-02T07:19:52","slug":"so-erreichen-sie-uns","status":"publish","type":"page","link":"https:\/\/www.lalecciola.com\/de\/so-erreichen-sie-uns\/","title":{"rendered":"So erreichen Sie uns"},"content":{"rendered":"\t\t<div data-elementor-type=\"wp-page\" data-elementor-id=\"6980\" class=\"elementor elementor-6980 elementor-5822\">\n\t\t\t\t<div class=\"elementor-element elementor-element-f2a0789 e-flex e-con-boxed e-con e-parent\" data-id=\"f2a0789\" data-element_type=\"container\" data-e-type=\"container\">\n\t\t\t\t\t<div class=\"e-con-inner\">\n\t\t<div class=\"elementor-element elementor-element-4a425e5 e-con-full e-flex e-con e-child\" data-id=\"4a425e5\" data-element_type=\"container\" data-e-type=\"container\">\n\t\t\t\t<div class=\"elementor-element elementor-element-9ffcd59 subtitle-position-above elementor-align-left elementor-widget-mobile__width-inherit elementor-tablet-align-center elementor-invisible elementor-widget elementor-widget-agrile-heading\" data-id=\"9ffcd59\" data-element_type=\"widget\" data-e-type=\"widget\" data-settings=\"{&quot;_animation&quot;:&quot;opal-move-up&quot;}\" data-widget_type=\"agrile-heading.default\">\n\t\t\t\t<div class=\"elementor-widget-container\">\n\t\t\t\t\t<div class=\"elementor-heading-wrapper-inner\"><h2 class=\"elementor-heading-title elementor-size-default\">So erreichen Sie uns<\/h2><div class=\"elementor-sub-title\"><span>                <span class=\"elementor-button-icon agrile-subtitle-icon-left\">\n                    <i aria-hidden=\"true\" class=\"agrile-icon- agrile-icon-leaves\"><\/i>                <\/span>\n                Agriturismo La Lecciola<\/span><\/div><\/div>\t\t\t\t<\/div>\n\t\t\t\t<\/div>\n\t\t\t\t<div class=\"elementor-element elementor-element-8164965 elementor-widget__width-initial elementor-widget elementor-widget-text-editor\" data-id=\"8164965\" data-element_type=\"widget\" data-e-type=\"widget\" data-widget_type=\"text-editor.default\">\n\t\t\t\t<div class=\"elementor-widget-container\">\n\t\t\t\t\t\t\t\t\t<p>F\u00e4hren nach Isola d&#8217;Elba legen in Piombino Marittima ab. Die n\u00e4chsten H\u00e4fen sind Rio Marina (2 km), Cavo (6 km), Portoferraio (21 km).<\/p>\n<p>Wir nehmen am 10% Rabattprogramm f\u00fcr die F\u00e4hre teil. Den Rabattcode teilen wir Ihnen nach Best\u00e4tigung Ihrer Buchung mit.<\/p>\n<p>Um mit dem Auto zur Farm zu gelangen, m\u00fcssen Sie 500 Meter \u00fcber eine sandige Landstra\u00dfe fahren.<\/p>\n<p>Wenn Sie kein Auto haben, bieten wir bei Ankunft oder Abreise einen Shuttleservice vom und zum Hafen von Rio Marina.<br>\nBushaltestelle ist 500 m vom Bauernhof entfernt.<\/p>\t\t\t\t\t\t\t\t<\/div>\n\t\t\t\t<\/div>\n\t\t\t\t<div class=\"elementor-element elementor-element-d0bda76 elementor-widget elementor-widget-spacer\" data-id=\"d0bda76\" data-element_type=\"widget\" data-e-type=\"widget\" data-widget_type=\"spacer.default\">\n\t\t\t\t<div class=\"elementor-widget-container\">\n\t\t\t\t\t\t\t<div class=\"elementor-spacer\">\n\t\t\t<div class=\"elementor-spacer-inner\"><\/div>\n\t\t<\/div>\n\t\t\t\t\t\t<\/div>\n\t\t\t\t<\/div>\n\t\t\t\t<div class=\"elementor-element elementor-element-8631308 elementor-widget elementor-widget-html\" data-id=\"8631308\" data-element_type=\"widget\" data-e-type=\"widget\" data-widget_type=\"html.default\">\n\t\t\t\t<div class=\"elementor-widget-container\">\n\t\t\t\t\t<div style=\"margin-left: auto; margin-right: auto; max-width: 1290px\">\r\n\t<iframe id=\"tlines\" src=\"https:\/\/www.misterferry.de\/de\/faehren-insel-elba.aspx?UAID=588576&bkcolor=FFFFFF&txtcolor=0E618A&bkbtncolor=FC2626&txtbtncolor=FFFFFF&bktitolo=3399CC&txttitolo=FFFFFF&language=de&iframe_booking=true&v2=true\" style=\"border:0px; width: 100%;\" class=\"tlines_frame\" scrolling=\"no\"><\/iframe>\r\n\t<p style=\"font-size:11px; margin: auto; font-family:Verdana;width: 100%;color:#666;margin-bottom: 12px;text-align: center;\">Dieser Buchungsservice ist Eigentum der <a href=\"https:\/\/www.misterferry.de\/de\/faehren-insel-elba.aspx?UAID=588576&bkcolor=FFFFFF&txtcolor=0E618A&bkbtncolor=FC2626&txtbtncolor=FFFFFF&bktitolo=3399CC&txttitolo=FFFFFF\" target=\"_blank\" style=\"color:#666;text-decoration:none\">Misterferry.de<\/a><\/p>\r\n\t<script type=\"text\/javascript\" src=\"https:\/\/www.misterferry.de\/Ajax\/tlines_resp_v2.js\"><\/script>\r\n<\/div>\t\t\t\t<\/div>\n\t\t\t\t<\/div>\n\t\t\t\t<\/div>\n\t\t\t\t\t<\/div>\n\t\t\t\t<\/div>\n\t\t<div class=\"elementor-element elementor-element-44247914 elementor-hidden-desktop elementor-hidden-laptop elementor-hidden-tablet_extra elementor-hidden-tablet elementor-hidden-mobile_extra elementor-hidden-mobile e-flex e-con-boxed e-con e-parent\" data-id=\"44247914\" data-element_type=\"container\" data-e-type=\"container\">\n\t\t\t\t\t<div class=\"e-con-inner\">\n\t\t<div class=\"elementor-element elementor-element-2bfd5d9d e-con-full e-flex e-con e-child\" data-id=\"2bfd5d9d\" data-element_type=\"container\" data-e-type=\"container\">\n\t\t\t\t<div class=\"elementor-element elementor-element-1c700906 elementor-position-inline-start elementor-mobile_extra-position-block-start elementor-view-default elementor-mobile-position-block-start elementor-widget elementor-widget-icon-box\" data-id=\"1c700906\" data-element_type=\"widget\" data-e-type=\"widget\" data-widget_type=\"icon-box.default\">\n\t\t\t\t<div class=\"elementor-widget-container\">\n\t\t\t\t\t    \t\t<div class=\"elementor-icon-box-wrapper\">\n    \t\t\t    \t\t\t<div class=\"elementor-icon-box-icon\">\n                        \t\t\t\t<a class=\"elementor-icon elementor-animation-\" href=\"https:\/\/maps.app.goo.gl\/BiueysLZt3jBEsLY9\" target=\"_blank\" rel=\"nofollow\">\n    \t\t\t\t<i aria-hidden=\"true\" class=\"agrile-icon- agrile-icon-map-location\"><\/i>    \t\t\t\t<\/a>\n\n    \t\t\t<\/div>\n    \t\t\t    \t\t\t<div class=\"elementor-icon-box-content\">\n    \t\t\t\t<h3 class=\"elementor-icon-box-title\">\n    \t\t\t\t\t<a href=\"https:\/\/maps.app.goo.gl\/BiueysLZt3jBEsLY9\" target=\"_blank\" rel=\"nofollow\" >\n    \t\t\t\t\t\tIndirizzo    \t\t\t\t\t<\/a>\n    \t\t\t\t<\/h3>\n    \t\t\t\t    \t\t\t\t\t<p class=\"elementor-icon-box-description\">\n    \t\t\t\t\t\tLoc. La Lecciola 2, 57039, Rio (LI)    \t\t\t\t\t<\/p>\n    \t\t\t\t\n                    <!--  Show button link-->\n                        \t\t\t<\/div>\n\n    \t\t   <\/div>\n    \t\t\t\t\t\t<\/div>\n\t\t\t\t<\/div>\n\t\t\t\t<\/div>\n\t\t\t\t\t<\/div>\n\t\t\t\t<\/div>\n\t\t\t\t<\/div>\n\t\t","protected":false},"excerpt":{"rendered":"<p>So erreichen Sie uns Agriturismo La Lecciola F\u00e4hren nach Isola d&#8217;Elba legen in Piombino Marittima ab. Die n\u00e4chsten H\u00e4fen sind Rio Marina (2 km), Cavo (6 km), Portoferraio (21 km). Wir nehmen am 10% Rabattprogramm f\u00fcr die F\u00e4hre teil. Den Rabattcode teilen wir Ihnen nach Best\u00e4tigung Ihrer Buchung mit. Um mit dem Auto zur Farm [&hellip;]<\/p>\n","protected":false},"author":1,"featured_media":0,"parent":0,"menu_order":6,"comment_status":"closed","ping_status":"closed","template":"","meta":{"footnotes":""},"class_list":["post-6980","page","type-page","status-publish","hentry"],"yoast_head":"<!-- This site is optimized with the Yoast SEO plugin v27.0 - https:\/\/yoast.com\/product\/yoast-seo-wordpress\/ -->\n<title>So erreichen Sie uns - Bauernhaus La Lecciola - Insel Elba<\/title>\n<meta name=\"description\" content=\"Wir nehmen am 20% Rabattprogramm f\u00fcr die F\u00e4hre teil. Den Rabattcode teilen wir Ihnen nach Best\u00e4tigung Ihrer Buchung mit.\" \/>\n<meta name=\"robots\" content=\"index, follow, max-snippet:-1, max-image-preview:large, max-video-preview:-1\" \/>\n<link rel=\"canonical\" href=\"https:\/\/www.lalecciola.com\/de\/so-erreichen-sie-uns\/\" \/>\n<meta property=\"og:locale\" content=\"de_DE\" \/>\n<meta property=\"og:type\" content=\"article\" \/>\n<meta property=\"og:title\" content=\"So erreichen Sie uns - Bauernhaus La Lecciola - Insel Elba\" \/>\n<meta property=\"og:description\" content=\"Wir nehmen am 20% Rabattprogramm f\u00fcr die F\u00e4hre teil. Den Rabattcode teilen wir Ihnen nach Best\u00e4tigung Ihrer Buchung mit.\" \/>\n<meta property=\"og:url\" content=\"https:\/\/www.lalecciola.com\/de\/so-erreichen-sie-uns\/\" \/>\n<meta property=\"og:site_name\" content=\"Bauernhaus La Lecciola\" \/>\n<meta property=\"article:modified_time\" content=\"2026-03-02T07:19:52+00:00\" \/>\n<meta property=\"og:image\" content=\"https:\/\/www.lalecciola.com\/wp-content\/uploads\/cropped-favicon.png\" \/>\n\t<meta property=\"og:image:width\" content=\"512\" \/>\n\t<meta property=\"og:image:height\" content=\"512\" \/>\n\t<meta property=\"og:image:type\" content=\"image\/png\" \/>\n<meta name=\"twitter:card\" content=\"summary_large_image\" \/>\n<meta name=\"twitter:label1\" content=\"Gesch\u00e4tzte Lesezeit\" \/>\n\t<meta name=\"twitter:data1\" content=\"1\u00a0Minute\" \/>\n<script type=\"application\/ld+json\" class=\"yoast-schema-graph\">{\"@context\":\"https:\/\/schema.org\",\"@graph\":[{\"@type\":\"WebPage\",\"@id\":\"https:\/\/www.lalecciola.com\/de\/so-erreichen-sie-uns\/\",\"url\":\"https:\/\/www.lalecciola.com\/de\/so-erreichen-sie-uns\/\",\"name\":\"So erreichen Sie uns - Bauernhaus La Lecciola - Insel Elba\",\"isPartOf\":{\"@id\":\"https:\/\/www.lalecciola.com\/de\/#website\"},\"datePublished\":\"2025-01-16T11:09:45+00:00\",\"dateModified\":\"2026-03-02T07:19:52+00:00\",\"description\":\"Wir nehmen am 20% Rabattprogramm f\u00fcr die F\u00e4hre teil. Den Rabattcode teilen wir Ihnen nach Best\u00e4tigung Ihrer Buchung mit.\",\"breadcrumb\":{\"@id\":\"https:\/\/www.lalecciola.com\/de\/so-erreichen-sie-uns\/#breadcrumb\"},\"inLanguage\":\"de\",\"potentialAction\":[{\"@type\":\"ReadAction\",\"target\":[\"https:\/\/www.lalecciola.com\/de\/so-erreichen-sie-uns\/\"]}]},{\"@type\":\"BreadcrumbList\",\"@id\":\"https:\/\/www.lalecciola.com\/de\/so-erreichen-sie-uns\/#breadcrumb\",\"itemListElement\":[{\"@type\":\"ListItem\",\"position\":1,\"name\":\"Home\",\"item\":\"https:\/\/www.lalecciola.com\/de\/\"},{\"@type\":\"ListItem\",\"position\":2,\"name\":\"So erreichen Sie uns\"}]},{\"@type\":\"WebSite\",\"@id\":\"https:\/\/www.lalecciola.com\/de\/#website\",\"url\":\"https:\/\/www.lalecciola.com\/de\/\",\"name\":\"Agriturismo La Lecciola\",\"description\":\"Insel Elba\",\"publisher\":{\"@id\":\"https:\/\/www.lalecciola.com\/de\/#organization\"},\"potentialAction\":[{\"@type\":\"SearchAction\",\"target\":{\"@type\":\"EntryPoint\",\"urlTemplate\":\"https:\/\/www.lalecciola.com\/de\/?s={search_term_string}\"},\"query-input\":{\"@type\":\"PropertyValueSpecification\",\"valueRequired\":true,\"valueName\":\"search_term_string\"}}],\"inLanguage\":\"de\"},{\"@type\":\"Organization\",\"@id\":\"https:\/\/www.lalecciola.com\/de\/#organization\",\"name\":\"Agriturismo La Lecciola\",\"url\":\"https:\/\/www.lalecciola.com\/de\/\",\"logo\":{\"@type\":\"ImageObject\",\"inLanguage\":\"de\",\"@id\":\"https:\/\/www.lalecciola.com\/de\/#\/schema\/logo\/image\/\",\"url\":\"https:\/\/www.lalecciola.com\/wp-content\/uploads\/la_lecciola_logo_w_400.png\",\"contentUrl\":\"https:\/\/www.lalecciola.com\/wp-content\/uploads\/la_lecciola_logo_w_400.png\",\"width\":400,\"height\":86,\"caption\":\"Agriturismo La Lecciola\"},\"image\":{\"@id\":\"https:\/\/www.lalecciola.com\/de\/#\/schema\/logo\/image\/\"}}]}<\/script>\n<!-- \/ Yoast SEO plugin. -->","yoast_head_json":{"title":"So erreichen Sie uns - Bauernhaus La Lecciola - Insel Elba","description":"Wir nehmen am 20% Rabattprogramm f\u00fcr die F\u00e4hre teil. Den Rabattcode teilen wir Ihnen nach Best\u00e4tigung Ihrer Buchung mit.","robots":{"index":"index","follow":"follow","max-snippet":"max-snippet:-1","max-image-preview":"max-image-preview:large","max-video-preview":"max-video-preview:-1"},"canonical":"https:\/\/www.lalecciola.com\/de\/so-erreichen-sie-uns\/","og_locale":"de_DE","og_type":"article","og_title":"So erreichen Sie uns - Bauernhaus La Lecciola - Insel Elba","og_description":"Wir nehmen am 20% Rabattprogramm f\u00fcr die F\u00e4hre teil. Den Rabattcode teilen wir Ihnen nach Best\u00e4tigung Ihrer Buchung mit.","og_url":"https:\/\/www.lalecciola.com\/de\/so-erreichen-sie-uns\/","og_site_name":"Bauernhaus La Lecciola","article_modified_time":"2026-03-02T07:19:52+00:00","og_image":[{"width":512,"height":512,"url":"https:\/\/www.lalecciola.com\/wp-content\/uploads\/cropped-favicon.png","type":"image\/png"}],"twitter_card":"summary_large_image","twitter_misc":{"Gesch\u00e4tzte Lesezeit":"1\u00a0Minute"},"schema":{"@context":"https:\/\/schema.org","@graph":[{"@type":"WebPage","@id":"https:\/\/www.lalecciola.com\/de\/so-erreichen-sie-uns\/","url":"https:\/\/www.lalecciola.com\/de\/so-erreichen-sie-uns\/","name":"So erreichen Sie uns - Bauernhaus La Lecciola - Insel Elba","isPartOf":{"@id":"https:\/\/www.lalecciola.com\/de\/#website"},"datePublished":"2025-01-16T11:09:45+00:00","dateModified":"2026-03-02T07:19:52+00:00","description":"Wir nehmen am 20% Rabattprogramm f\u00fcr die F\u00e4hre teil. Den Rabattcode teilen wir Ihnen nach Best\u00e4tigung Ihrer Buchung mit.","breadcrumb":{"@id":"https:\/\/www.lalecciola.com\/de\/so-erreichen-sie-uns\/#breadcrumb"},"inLanguage":"de","potentialAction":[{"@type":"ReadAction","target":["https:\/\/www.lalecciola.com\/de\/so-erreichen-sie-uns\/"]}]},{"@type":"BreadcrumbList","@id":"https:\/\/www.lalecciola.com\/de\/so-erreichen-sie-uns\/#breadcrumb","itemListElement":[{"@type":"ListItem","position":1,"name":"Home","item":"https:\/\/www.lalecciola.com\/de\/"},{"@type":"ListItem","position":2,"name":"So erreichen Sie uns"}]},{"@type":"WebSite","@id":"https:\/\/www.lalecciola.com\/de\/#website","url":"https:\/\/www.lalecciola.com\/de\/","name":"Agriturismo La Lecciola","description":"Insel Elba","publisher":{"@id":"https:\/\/www.lalecciola.com\/de\/#organization"},"potentialAction":[{"@type":"SearchAction","target":{"@type":"EntryPoint","urlTemplate":"https:\/\/www.lalecciola.com\/de\/?s={search_term_string}"},"query-input":{"@type":"PropertyValueSpecification","valueRequired":true,"valueName":"search_term_string"}}],"inLanguage":"de"},{"@type":"Organization","@id":"https:\/\/www.lalecciola.com\/de\/#organization","name":"Agriturismo La Lecciola","url":"https:\/\/www.lalecciola.com\/de\/","logo":{"@type":"ImageObject","inLanguage":"de","@id":"https:\/\/www.lalecciola.com\/de\/#\/schema\/logo\/image\/","url":"https:\/\/www.lalecciola.com\/wp-content\/uploads\/la_lecciola_logo_w_400.png","contentUrl":"https:\/\/www.lalecciola.com\/wp-content\/uploads\/la_lecciola_logo_w_400.png","width":400,"height":86,"caption":"Agriturismo La Lecciola"},"image":{"@id":"https:\/\/www.lalecciola.com\/de\/#\/schema\/logo\/image\/"}}]}},"_links":{"self":[{"href":"https:\/\/www.lalecciola.com\/de\/wp-json\/wp\/v2\/pages\/6980","targetHints":{"allow":["GET"]}}],"collection":[{"href":"https:\/\/www.lalecciola.com\/de\/wp-json\/wp\/v2\/pages"}],"about":[{"href":"https:\/\/www.lalecciola.com\/de\/wp-json\/wp\/v2\/types\/page"}],"author":[{"embeddable":true,"href":"https:\/\/www.lalecciola.com\/de\/wp-json\/wp\/v2\/users\/1"}],"replies":[{"embeddable":true,"href":"https:\/\/www.lalecciola.com\/de\/wp-json\/wp\/v2\/comments?post=6980"}],"version-history":[{"count":13,"href":"https:\/\/www.lalecciola.com\/de\/wp-json\/wp\/v2\/pages\/6980\/revisions"}],"predecessor-version":[{"id":7041,"href":"https:\/\/www.lalecciola.com\/de\/wp-json\/wp\/v2\/pages\/6980\/revisions\/7041"}],"wp:attachment":[{"href":"https:\/\/www.lalecciola.com\/de\/wp-json\/wp\/v2\/media?parent=6980"}],"curies":[{"name":"wp","href":"https:\/\/api.w.org\/{rel}","templated":true}]}}